{"id":505,"date":"2022-02-11T09:52:47","date_gmt":"2022-02-11T09:52:47","guid":{"rendered":"http:\/\/188.26.101.33:90\/?page_id=505"},"modified":"2022-07-25T10:07:35","modified_gmt":"2022-07-25T10:07:35","slug":"situl-arheologic-majdan","status":"publish","type":"page","link":"https:\/\/www.pamarose.ro\/srb\/situl-arheologic-majdan\/","title":{"rendered":"ARHEOLO\u0160KO NALAZI\u0160TE MAJDAN"},"content":{"rendered":"<p>[vc_row][vc_column][vc_empty_space][\/vc_column][\/vc_row][vc_row][vc_column][vc_separator][\/vc_column][\/vc_row][vc_row][vc_column][vc_column_text]<\/p>\n<p align=\"justify\"><span style=\"font-size: small;\"><span lang=\"sr-Latn-RS\">ARHEOLO\u0160KO NALAZI\u0160TE MAJDAN<\/span><\/span><\/p>\n<p align=\"justify\"><span style=\"font-size: small;\"><span lang=\"sr-Latn-RS\">Sakralni kompleks u Majdanu je izuzetno vredno arheolo\u0161ko nalazi\u0161te koje je, kao spomenik kulture pod za\u0161titom dr\u017eave. Povezuje sa hri\u0161\u0107anskim manastirom Svetog \u0110or\u0111a iz legende o svetom Gerhardu. U tekstu s po\u010detka 14. veka, anonimni pisar govori o nastanku manastira i o borbi vojskovo\u0111e ugarskog kralja Stefana I (997-1038) \u010canada, protiv bugarskog kneza Ahtuma. Tokom 10., 11. i 12. veka, Vizantijska crkva je na tlu Ju\u017ene Ugarske imala neposrednu vlast nad mnogim manastirima: Majdan, Sremska Mitrovica, Ara\u010da, Titel, Ba\u010d i drugi.<\/span><\/span><\/p>\n<p align=\"justify\"><span style=\"font-size: small;\"><span lang=\"sr-Latn-RS\">Godina nastanka manastira u Majdanu mo\u017ee se odrediti na osnovu Gerhardove biografije. Gerhard je bio Mle\u010danin, episkop postavljen u Moriseni (\u010canadu) 1030. godine, koji je tada i posetio novoizgra\u0111eni manastir u Oroslano\u0161u \u2013 Majdanu. Na osnovu tih podataka pretpostavlja se da je manastir bio izgra\u0111en pre raskola crkava oko 1016-1030 godine.<\/span><\/span><\/p>\n<p align=\"justify\"><span style=\"font-size: small;\"><span lang=\"sr-Latn-RS\">Izvori navode da je u starom Oroslano\u0161u (Majdanu) \u017eivelo tada oko desetak gr\u010dkih monaha. Oficijelna istorijska nauka smatra da je manastir bio delimi\u010dno uni\u0161ten i napu\u0161ten od strane gr\u010dkih monaha posle mongolsko \u2013 tatarske najezde 1241. godine. No, on nastavlja da se obnavlja i postoji sve do osmanskog osvajanja.<\/span><\/span><\/p>\n<p align=\"justify\"><span style=\"font-size: small;\"><span lang=\"sr-Latn-RS\">Pokretan arheolo\u0161ki materijal dokazuje kontinuirani \u017eivot od 11. do 15. veka. Dosada\u0161nja arheolo\u0161ka istra\u017eivanja nisu za sada u suprotnosti sa istorijskim izvorima i legendama.<\/span><\/span><\/p>\n<p align=\"justify\"><span style=\"font-size: small;\"><span lang=\"sr-Latn-RS\">Posle sedam godina istra\u017eivanja do\u0161lo se do slede\u0107ih rezultata: otkriveni su potpuno temelji tri crkve. Crkve su sa orijentacijom istok-zapad (oltari na istoku, ulazi na zapadu). Pored najve\u0107e crkve su prona\u0111ene fragmentovane podne i zidne opeke ukra\u0161ene utisnutim predstavama krsta, lava, modela manastira i razli\u010ditih prepleta u medaljonu (elementi Romanike) i nizovima pseudogranulacija (elementi Vizantije). Sama velika crkva je u osnovi temelja zidana od ostataka prethodne \u010detvrte crkve koja u dosada\u0161njim arheolo\u0161kim iskopavanjima nije jo\u0161 otkrivena. Keramika uz ovu crkvu je iz 11.\/12.veka. Na ulazu crkva je imala dva zvonika.<\/span><\/span><\/p>\n<p align=\"justify\"><span style=\"font-size: small;\"><span lang=\"sr-Latn-RS\">U Majdanu je otkrivena i nekropola \u2013 groblje sa 460 skeletnih grobova na mestu i preko 1000 grobova sekundarno sahranjenih pokojnika. Orijentacija grobova je zapad-istok (glava na zapadu, noge na istoku ). Prema prilozima i novcu na\u0111enom u grobovima, groblje se datuje u 11. i 12. vek. Naj\u010de\u0161\u0107i prilozi u grobovima su \u2018S\u2019 kari\u010dice, prstenje od upletene i tordirane \u017eice, prstenje od trakastog lima i ogrlice. Novac u grobovima je najvi\u0161e nala\u017een u ustima pokojnika. Naj\u010de\u0161\u0107e prona\u0111eni novac pripada kraljevima Salomonu (1063 -1074) Kolomanu (1095-1116) i Beli II (1131-1141). <\/span><\/span><\/p>\n<p align=\"justify\"><span style=\"font-size: small;\"><span lang=\"sr-Latn-RS\">Najzna\u010dajnija je grobnica otkrivena 2006. godine koja je jedinstveno otkri\u0107e. Sazidana je od cigala, ve\u0107ih je dimenzija od drugih, a osnova odnosno pod grobnice je na dva svoda i perforiran je. Jedino logi\u010dno obja\u0161njenje je da je slu\u017eila kao grobnica za pripremu pokojnika za osarijum. <\/span><\/span><\/p>\n<p>[\/vc_column_text][\/vc_column][\/vc_row][vc_row][vc_column width=&#8221;1\/3&#8243;][vc_single_image image=&#8221;787&#8243;][\/vc_column][vc_column width=&#8221;1\/3&#8243;][vc_single_image image=&#8221;788&#8243;][\/vc_column][vc_column width=&#8221;1\/3&#8243;][vc_single_image image=&#8221;790&#8243;][\/vc_column][\/vc_row]<\/p>\n","protected":false},"excerpt":{"rendered":"<p>[vc_row][vc_column][vc_empty_space][\/vc_column][\/vc_row][vc_row][vc_column][vc_separator][\/vc_column][\/vc_row][vc_row][vc_column][vc_column_text] ARHEOLO\u0160KO NALAZI\u0160TE MAJDAN Sakralni kompleks u Majdanu je izuzetno vredno arheolo\u0161ko nalazi\u0161te koje je, kao spomenik kulture pod za\u0161titom dr\u017eave. Povezuje sa hri\u0161\u0107anskim manastirom Svetog \u0110or\u0111a iz legende o svetom Gerhardu. U tekstu s po\u010detka 14. veka, anonimni pisar govori o nastanku manastira i o borbi vojskovo\u0111e ugarskog kralja Stefana I (997-1038) \u010canada, protiv [&hellip;]<\/p>\n","protected":false},"author":1,"featured_media":0,"parent":0,"menu_order":0,"comment_status":"closed","ping_status":"closed","template":"","meta":{"footnotes":""},"class_list":["post-505","page","type-page","status-publish","hentry"],"_links":{"self":[{"href":"https:\/\/www.pamarose.ro\/srb\/wp-json\/wp\/v2\/pages\/505","targetHints":{"allow":["GET"]}}],"collection":[{"href":"https:\/\/www.pamarose.ro\/srb\/wp-json\/wp\/v2\/pages"}],"about":[{"href":"https:\/\/www.pamarose.ro\/srb\/wp-json\/wp\/v2\/types\/page"}],"author":[{"embeddable":true,"href":"https:\/\/www.pamarose.ro\/srb\/wp-json\/wp\/v2\/users\/1"}],"replies":[{"embeddable":true,"href":"https:\/\/www.pamarose.ro\/srb\/wp-json\/wp\/v2\/comments?post=505"}],"version-history":[{"count":15,"href":"https:\/\/www.pamarose.ro\/srb\/wp-json\/wp\/v2\/pages\/505\/revisions"}],"predecessor-version":[{"id":793,"href":"https:\/\/www.pamarose.ro\/srb\/wp-json\/wp\/v2\/pages\/505\/revisions\/793"}],"wp:attachment":[{"href":"https:\/\/www.pamarose.ro\/srb\/wp-json\/wp\/v2\/media?parent=505"}],"curies":[{"name":"wp","href":"https:\/\/api.w.org\/{rel}","templated":true}]}}