{"id":365,"date":"2021-09-17T09:31:08","date_gmt":"2021-09-17T09:31:08","guid":{"rendered":"http:\/\/188.26.101.33:90\/?page_id=365"},"modified":"2022-12-20T13:35:59","modified_gmt":"2022-12-20T13:35:59","slug":"sanctuarul-neolitic-de-la-parta","status":"publish","type":"page","link":"https:\/\/www.pamarose.ro\/srb\/sanctuarul-neolitic-de-la-parta\/","title":{"rendered":"NEOLITSKO SVETILI\u0160TE PARCA"},"content":{"rendered":"<p>[vc_row][vc_column][vc_column_text]<\/p>\n<h4 class=\"western\" lang=\"ro-RO\" align=\"justify\"><span style=\"font-family: Times New Roman, serif;\"><span style=\"font-size: medium;\">Reka Temi\u0161 proti\u010de kroz podru\u010dje sa zna\u010dajnim arheolo\u0161kim potencijalom u podru\u010dju sela Parca u okrugu Timi\u0161. Arheolo\u0161ko nalazi\u0161te &#8220;Parca Tell 1&#8221; poznato je po otkri\u0107u arheolo\u0161kog materijala od druge polovine devetnaestog veka.<\/span><\/span><\/h4>\n<h4 class=\"western\" lang=\"ro-RO\" align=\"justify\"><span style=\"font-family: Times New Roman, serif;\"><span style=\"font-size: medium;\">Prva sistematska iskopavanja zapo\u010dela su 1931. godine, ali je u 8. deceniji dvadesetog veka bio izvr\u0161en intenzivan sistematski projekat arheolo\u0161kih istra\u017eivanja arheolo\u0161kog lokaliteta Parca broj. 1, koordiniran od strane doktora. Georgija Lazarovi\u0107a.<\/span><\/span><\/h4>\n<h4 class=\"western\" lang=\"ro-RO\" align=\"justify\"><span style=\"font-family: Times New Roman, serif;\"><span style=\"font-size: medium;\">Neolitsko svetili\u0161te prona\u0111eno je otkrivanjem monumentalne statue, koja se odmah istaknula kao izuzetan arhitektonski element, svedok prisustva veoma va\u017enog stambenog objekta koji se odr\u017eavao u dobrom stanju. Istra\u017eivanje svetili\u0161ta zavr\u0161eno je 1985. godine, pri \u010demu je dokumentovano postojanje na tom mestu monumentalne gra\u0111evine, otprilike 11,6 x 6 metara, koja je sadr\u017eavala manje razgrani\u010dene prostore, u kojima su sa\u010duvani neolitski artifakti koji su mogli otkriti odredi\u0161te razli\u010ditih prostorija svetili\u0161ta. Oko svetili\u0161ta nalazile su se zgrade sa funkcijama slo\u017eene strukture, koje bi se mogle dovesti u vezu sa kultnim odredi\u0161tem svetili\u0161ta.<\/span><\/span><\/h4>\n<h4 class=\"western\" lang=\"ro-RO\" align=\"justify\"><span style=\"font-family: Times New Roman, serif;\"><span style=\"font-size: medium;\">Rezultati arheolo\u0161kog istra\u017eivanja pokazali su da ovde postoje dve glavne etape svetili\u0161ta, koje se priklapaju, koje pripadaju srednjem neolitu, od kojih je druga imala dve faze obnove.<br \/>\nSveti\u0161te iz po\u010detne faze je verovatno bilo zapaljeno, a kasnije obnovljeno, u obliku vi\u0161e sobne zgrade podignute oko monumentalne statue koja je napravljena od peskovite zemlje, prekrivene slojem gline i pleve. Dvostruka statua je oja\u010dana spaljivanjem, zatim je izgra\u0111en ostatak svetili\u0161ta. Njegova struktura se sastoji od velike prostorije monumentalne statue i prostorija za funkcionalne aktivnosti, otkrivene prisustvom oltarskih slika za pripremu hrane, skladi\u0161tenje i obradu tekstila.<\/span><\/span><\/h4>\n<h4 class=\"western\" lang=\"ro-RO\" align=\"justify\"><span style=\"font-family: Times New Roman, serif;\"><span style=\"font-size: medium;\">Sa\u010duvani elementi svetili\u0161ta integrisani su u njegovu rekonstrukciju u jednoj od dvorana dvorca Hunijade, ali veli\u010dina prostorije nije dozvoljavala rekonstrukciju svetili\u0161ta na originalnom nivou.<\/span><\/span><\/h4>\n<p>[\/vc_column_text][\/vc_column][\/vc_row][vc_row][vc_column][vc_video link=&#8221;https:\/\/www.youtube.com\/watch?v=qNPH-VJrUxY&#8221; align=&#8221;center&#8221;][\/vc_column][\/vc_row]<\/p>\n","protected":false},"excerpt":{"rendered":"<p>[vc_row][vc_column][vc_column_text] Reka Temi\u0161 proti\u010de kroz podru\u010dje sa zna\u010dajnim arheolo\u0161kim potencijalom u podru\u010dju sela Parca u okrugu Timi\u0161. Arheolo\u0161ko nalazi\u0161te &#8220;Parca Tell 1&#8221; poznato je po otkri\u0107u arheolo\u0161kog materijala od druge polovine devetnaestog veka. Prva sistematska iskopavanja zapo\u010dela su 1931. godine, ali je u 8. deceniji dvadesetog veka bio izvr\u0161en intenzivan sistematski projekat arheolo\u0161kih istra\u017eivanja arheolo\u0161kog [&hellip;]<\/p>\n","protected":false},"author":1,"featured_media":0,"parent":0,"menu_order":0,"comment_status":"closed","ping_status":"closed","template":"","meta":{"footnotes":""},"class_list":["post-365","page","type-page","status-publish","hentry"],"_links":{"self":[{"href":"https:\/\/www.pamarose.ro\/srb\/wp-json\/wp\/v2\/pages\/365","targetHints":{"allow":["GET"]}}],"collection":[{"href":"https:\/\/www.pamarose.ro\/srb\/wp-json\/wp\/v2\/pages"}],"about":[{"href":"https:\/\/www.pamarose.ro\/srb\/wp-json\/wp\/v2\/types\/page"}],"author":[{"embeddable":true,"href":"https:\/\/www.pamarose.ro\/srb\/wp-json\/wp\/v2\/users\/1"}],"replies":[{"embeddable":true,"href":"https:\/\/www.pamarose.ro\/srb\/wp-json\/wp\/v2\/comments?post=365"}],"version-history":[{"count":10,"href":"https:\/\/www.pamarose.ro\/srb\/wp-json\/wp\/v2\/pages\/365\/revisions"}],"predecessor-version":[{"id":850,"href":"https:\/\/www.pamarose.ro\/srb\/wp-json\/wp\/v2\/pages\/365\/revisions\/850"}],"wp:attachment":[{"href":"https:\/\/www.pamarose.ro\/srb\/wp-json\/wp\/v2\/media?parent=365"}],"curies":[{"name":"wp","href":"https:\/\/api.w.org\/{rel}","templated":true}]}}