{"id":349,"date":"2021-09-17T06:23:37","date_gmt":"2021-09-17T06:23:37","guid":{"rendered":"http:\/\/188.26.101.33:90\/?page_id=349"},"modified":"2021-10-12T08:46:19","modified_gmt":"2021-10-12T08:46:19","slug":"finantare","status":"publish","type":"page","link":"https:\/\/www.pamarose.ro\/srb\/finantare\/","title":{"rendered":"VREDNOST"},"content":{"rendered":"<p>[vc_row][vc_column width=&#8221;2\/3&#8243;][vc_single_image image=&#8221;407&#8243; img_size=&#8221;large&#8221; alignment=&#8221;center&#8221;][\/vc_column][vc_column width=&#8221;1\/3&#8243;][vc_column_text]<\/p>\n<h4 class=\"western\" lang=\"ro-RO\"><span style=\"font-family: Times New Roman, serif;\"><span style=\"font-size: medium;\">Ukupan bud\u017eet: 762 660,75 EUR, od \u010dega:<\/span><\/span><\/h4>\n<h4 class=\"western\" lang=\"ro-RO\"><span style=\"font-family: Times New Roman, serif;\"><span style=\"font-size: medium;\">Odbor okruga Temi\u0161 &#8211; 15.200;<\/span><\/span><\/h4>\n<h4 class=\"western\" lang=\"ro-RO\"><span style=\"font-family: Times New Roman, serif;\"><span style=\"font-size: medium;\">Narodni muzej Banat &#8211; 402.660,61;<\/span><\/span><\/h4>\n<h4 class=\"western\" lang=\"ro-RO\"><span style=\"font-family: Times New Roman, serif;\"><span style=\"font-size: medium;\">Op\u0161tina Novi Kne\u017eevac Srbija &#8211; 247.443 evra.<\/span><\/span><\/h4>\n<h4 class=\"western\" lang=\"ro-RO\"><span style=\"font-family: Times New Roman, serif;\"><span style=\"font-size: medium;\">Ne ispunjava uslove &#8211; 97.357,14 evra<\/span><\/span><\/h4>\n<p>[\/vc_column_text][\/vc_column][\/vc_row]<\/p>\n","protected":false},"excerpt":{"rendered":"<p>[vc_row][vc_column width=&#8221;2\/3&#8243;][vc_single_image image=&#8221;407&#8243; img_size=&#8221;large&#8221; alignment=&#8221;center&#8221;][\/vc_column][vc_column width=&#8221;1\/3&#8243;][vc_column_text] Ukupan bud\u017eet: 762 660,75 EUR, od \u010dega: Odbor okruga Temi\u0161 &#8211; 15.200; Narodni muzej Banat &#8211; 402.660,61; Op\u0161tina Novi Kne\u017eevac Srbija &#8211; 247.443 evra. Ne ispunjava uslove &#8211; 97.357,14 evra [\/vc_column_text][\/vc_column][\/vc_row]<\/p>\n","protected":false},"author":1,"featured_media":0,"parent":0,"menu_order":0,"comment_status":"closed","ping_status":"closed","template":"","meta":{"footnotes":""},"class_list":["post-349","page","type-page","status-publish","hentry"],"_links":{"self":[{"href":"https:\/\/www.pamarose.ro\/srb\/wp-json\/wp\/v2\/pages\/349","targetHints":{"allow":["GET"]}}],"collection":[{"href":"https:\/\/www.pamarose.ro\/srb\/wp-json\/wp\/v2\/pages"}],"about":[{"href":"https:\/\/www.pamarose.ro\/srb\/wp-json\/wp\/v2\/types\/page"}],"author":[{"embeddable":true,"href":"https:\/\/www.pamarose.ro\/srb\/wp-json\/wp\/v2\/users\/1"}],"replies":[{"embeddable":true,"href":"https:\/\/www.pamarose.ro\/srb\/wp-json\/wp\/v2\/comments?post=349"}],"version-history":[{"count":9,"href":"https:\/\/www.pamarose.ro\/srb\/wp-json\/wp\/v2\/pages\/349\/revisions"}],"predecessor-version":[{"id":452,"href":"https:\/\/www.pamarose.ro\/srb\/wp-json\/wp\/v2\/pages\/349\/revisions\/452"}],"wp:attachment":[{"href":"https:\/\/www.pamarose.ro\/srb\/wp-json\/wp\/v2\/media?parent=349"}],"curies":[{"name":"wp","href":"https:\/\/api.w.org\/{rel}","templated":true}]}}