{"id":345,"date":"2021-09-17T06:21:16","date_gmt":"2021-09-17T06:21:16","guid":{"rendered":"http:\/\/188.26.101.33:90\/?page_id=345"},"modified":"2021-10-12T08:41:15","modified_gmt":"2021-10-12T08:41:15","slug":"grupul-tinta","status":"publish","type":"page","link":"https:\/\/www.pamarose.ro\/srb\/grupul-tinta\/","title":{"rendered":"CILJNA GRUPA"},"content":{"rendered":"<p>[vc_row][vc_column width=&#8221;3\/4&#8243;][vc_column_text]<\/p>\n<ul>\n<li><span style=\"font-family: Times New Roman, serif;\"><span style=\"font-size: medium;\">100 zaposlenih u turisti\u010dkoj industriji u regionu<\/span><\/span><\/li>\n<li><span style=\"font-family: Times New Roman, serif;\"><span style=\"font-size: medium;\">500 stanovnika sa podru\u010dja koja su obuhva\u0107ena u projektu<\/span><\/span><\/li>\n<li><span style=\"font-family: Times New Roman, serif;\"><span style=\"font-size: medium;\">10.000 ljudi, turista, \u0161ira javnost<\/span><\/span><\/li>\n<li style=\"list-style-type: none;\"><\/li>\n<\/ul>\n<p>[\/vc_column_text][\/vc_column][vc_column width=&#8221;1\/4&#8243;][vc_single_image image=&#8221;406&#8243; img_size=&#8221;large&#8221; alignment=&#8221;center&#8221;][\/vc_column][\/vc_row]<\/p>\n","protected":false},"excerpt":{"rendered":"<p>[vc_row][vc_column width=&#8221;3\/4&#8243;][vc_column_text] 100 zaposlenih u turisti\u010dkoj industriji u regionu 500 stanovnika sa podru\u010dja koja su obuhva\u0107ena u projektu 10.000 ljudi, turista, \u0161ira javnost [\/vc_column_text][\/vc_column][vc_column width=&#8221;1\/4&#8243;][vc_single_image image=&#8221;406&#8243; img_size=&#8221;large&#8221; alignment=&#8221;center&#8221;][\/vc_column][\/vc_row]<\/p>\n","protected":false},"author":1,"featured_media":0,"parent":0,"menu_order":0,"comment_status":"closed","ping_status":"closed","template":"","meta":{"footnotes":""},"class_list":["post-345","page","type-page","status-publish","hentry"],"_links":{"self":[{"href":"https:\/\/www.pamarose.ro\/srb\/wp-json\/wp\/v2\/pages\/345","targetHints":{"allow":["GET"]}}],"collection":[{"href":"https:\/\/www.pamarose.ro\/srb\/wp-json\/wp\/v2\/pages"}],"about":[{"href":"https:\/\/www.pamarose.ro\/srb\/wp-json\/wp\/v2\/types\/page"}],"author":[{"embeddable":true,"href":"https:\/\/www.pamarose.ro\/srb\/wp-json\/wp\/v2\/users\/1"}],"replies":[{"embeddable":true,"href":"https:\/\/www.pamarose.ro\/srb\/wp-json\/wp\/v2\/comments?post=345"}],"version-history":[{"count":9,"href":"https:\/\/www.pamarose.ro\/srb\/wp-json\/wp\/v2\/pages\/345\/revisions"}],"predecessor-version":[{"id":447,"href":"https:\/\/www.pamarose.ro\/srb\/wp-json\/wp\/v2\/pages\/345\/revisions\/447"}],"wp:attachment":[{"href":"https:\/\/www.pamarose.ro\/srb\/wp-json\/wp\/v2\/media?parent=345"}],"curies":[{"name":"wp","href":"https:\/\/api.w.org\/{rel}","templated":true}]}}