{"id":337,"date":"2021-09-17T06:12:14","date_gmt":"2021-09-17T06:12:14","guid":{"rendered":"http:\/\/188.26.101.33:90\/?page_id=337"},"modified":"2022-05-26T07:24:34","modified_gmt":"2022-05-26T07:24:34","slug":"parteneri","status":"publish","type":"page","link":"https:\/\/www.pamarose.ro\/srb\/parteneri\/","title":{"rendered":"PARTNERI"},"content":{"rendered":"<p>[vc_row][vc_column][vc_text_separator title=&#8221;Okru\u017eni odbor Temi\u0161&#8221; border_width=&#8221;3&#8243;][\/vc_column][\/vc_row][vc_row][vc_column][vc_column_text]<\/p>\n<h4 class=\"western\" lang=\"ro-RO\" align=\"justify\"><span style=\"font-family: Times New Roman, serif;\"><span style=\"font-size: medium;\">\u017dupanijski odbor Temi\u0161 je lokalno telo javne uprave, osnovano na \u017eupanijskom nivou, za koordinaciju aktivnosti op\u0161tinskog i komunalnog odbora, u cilju dobijanja javnih usluga u korist okruga. <\/span><\/span><\/h4>\n<p>[\/vc_column_text][\/vc_column][\/vc_row][vc_row][vc_column][vc_text_separator title=&#8221;Narodni muzej Banata&#8221; border_width=&#8221;3&#8243;][\/vc_column][\/vc_row][vc_row][vc_column][vc_column_text]<\/p>\n<h4 class=\"western\" lang=\"ro-RO\" align=\"justify\"><span style=\"font-family: Times New Roman, serif;\"><span style=\"font-size: medium;\">Narodni muzej Banata ima misiju da istra\u017euje, sa\u010duva i obnavlja kulturna, materijalna i nematerijalna dobra istorijskog Banata, da isti\u010de, pristupa i \u0161iri nau\u010dne informacije u svrhu obrazovanja i rekreacije javnosti. Svojim delovanjem Muzej Banata doprinosi poznavanju i promovisanju materijalnih i duhovnih svedo\u010danstava o postojanju i evoluciji ljudske zajednice i \u017eivotne sredine u zapadnom delu Rumunije i u susednim regionima. <\/span><\/span><\/h4>\n<p>[\/vc_column_text][\/vc_column][\/vc_row][vc_row][vc_column][vc_text_separator title=&#8221;Op\u0161tina Novi-Kne\u017eevac&#8221; border_width=&#8221;3&#8243;][\/vc_column][\/vc_row][vc_row][vc_column][vc_column_text]<\/p>\n<h4 class=\"western\" lang=\"ro-RO\" align=\"justify\"><span style=\"font-family: Times New Roman, serif;\"><span style=\"font-size: medium;\">Op\u0161tinska uprava Novi Kne\u017eevac deo je sistema dr\u017eavnog aparata. Njegove nadle\u017enosti, obaveze, zadaci, odgovornost i polo\u017eaj u celini uglavnom su utvr\u0111eni zakonom kao i drugim propisima. Me\u0111utim, u ovim pravnim normama mnogo je manje vidljivo ne\u0161to od \u010dega uvek moramo polaziti, naime da upravu \u010dine ljudi, zaposleni u njoj. Menad\u017ement je \u201e\u017eivo telo\u201c, koje mora da sadr\u017ei i u sebi nosi intelektualnu i moralnu snagu, da odgovori na nove situacije i izazove, koje dru\u0161tvene promene svakodnevno donose, i da ih stavi ispred tog menad\u017ementa, odnosno njeni zaposleni. <\/span><\/span><\/h4>\n<p>[\/vc_column_text][\/vc_column][\/vc_row]<\/p>\n","protected":false},"excerpt":{"rendered":"<p>[vc_row][vc_column][vc_text_separator title=&#8221;Okru\u017eni odbor Temi\u0161&#8221; border_width=&#8221;3&#8243;][\/vc_column][\/vc_row][vc_row][vc_column][vc_column_text] \u017dupanijski odbor Temi\u0161 je lokalno telo javne uprave, osnovano na \u017eupanijskom nivou, za koordinaciju aktivnosti op\u0161tinskog i komunalnog odbora, u cilju dobijanja javnih usluga u korist okruga. [\/vc_column_text][\/vc_column][\/vc_row][vc_row][vc_column][vc_text_separator title=&#8221;Narodni muzej Banata&#8221; border_width=&#8221;3&#8243;][\/vc_column][\/vc_row][vc_row][vc_column][vc_column_text] Narodni muzej Banata ima misiju da istra\u017euje, sa\u010duva i obnavlja kulturna, materijalna i nematerijalna dobra istorijskog Banata, da [&hellip;]<\/p>\n","protected":false},"author":1,"featured_media":0,"parent":0,"menu_order":0,"comment_status":"closed","ping_status":"closed","template":"","meta":{"footnotes":""},"class_list":["post-337","page","type-page","status-publish","hentry"],"_links":{"self":[{"href":"https:\/\/www.pamarose.ro\/srb\/wp-json\/wp\/v2\/pages\/337","targetHints":{"allow":["GET"]}}],"collection":[{"href":"https:\/\/www.pamarose.ro\/srb\/wp-json\/wp\/v2\/pages"}],"about":[{"href":"https:\/\/www.pamarose.ro\/srb\/wp-json\/wp\/v2\/types\/page"}],"author":[{"embeddable":true,"href":"https:\/\/www.pamarose.ro\/srb\/wp-json\/wp\/v2\/users\/1"}],"replies":[{"embeddable":true,"href":"https:\/\/www.pamarose.ro\/srb\/wp-json\/wp\/v2\/comments?post=337"}],"version-history":[{"count":24,"href":"https:\/\/www.pamarose.ro\/srb\/wp-json\/wp\/v2\/pages\/337\/revisions"}],"predecessor-version":[{"id":585,"href":"https:\/\/www.pamarose.ro\/srb\/wp-json\/wp\/v2\/pages\/337\/revisions\/585"}],"wp:attachment":[{"href":"https:\/\/www.pamarose.ro\/srb\/wp-json\/wp\/v2\/media?parent=337"}],"curies":[{"name":"wp","href":"https:\/\/api.w.org\/{rel}","templated":true}]}}