{"id":513,"date":"2022-05-17T11:33:29","date_gmt":"2022-05-17T11:33:29","guid":{"rendered":"https:\/\/www.pamarose.ro\/?page_id=513"},"modified":"2022-05-24T11:19:55","modified_gmt":"2022-05-24T11:19:55","slug":"politica-de-confidentialitate-2","status":"publish","type":"page","link":"https:\/\/www.pamarose.ro\/en\/politica-de-confidentialitate-2\/","title":{"rendered":"Politica de confiden\u021bialitate"},"content":{"rendered":"\n<p><strong>Not\u0103 de informare privind prelucrarea datelor cu caracter personal efectuat\u0103 de Consiliul Jude\u021bean Timi\u0219<\/strong><\/p>\n\n\n\n<p>Consiliul Jude\u021bean Timi\u0219, cu sediul \u00een Bulevardul Revolu\u021biei din 1989 nr. 17, Timi\u0219oara, jude\u021bul Timi\u0219, tel.: 0256\/406300, fax: 0256\/406306, website: www.cjtimis.ro, e-mail cjt@cjtimis.ro, v\u0103 informeaz\u0103 prin prezenta despre prelucrarea datelor dumneavoastr\u0103 personale \u0219i despre drepturile pe care le ave\u021bi \u00een conformitate cu dispozi\u021biile REGULAMENTULUI (UE) 2016\/679 al Parlamentului European \u015fi al Consiliului din 27 aprilie 2016 privind protec\u0163ia persoanelor fizice \u00een ceea ce prive\u015fte prelucrarea datelor cu caracter personal \u015fi privind libera circula\u0163ie a acestor date \u015fi de abrogare a Directivei 95\/46\/CE (GDPR), \u0219i legisla\u021bia na\u021bional\u0103 privind protec\u021bia \u0219i securitatea datelor personale, \u00een vigoare.<\/p>\n\n\n\n<p><strong>Scopurile \u0219i baza legal\u0103 a prelucr\u0103rilor de date cu caracter personal operate de c\u0103tre Consiliul Jude\u021bean Timi\u0219<\/strong><\/p>\n\n\n\n<p>\u00cen conformitate cu legisla\u0163ia na\u0163ional\u0103 (Ordonan\u021ba de Urgen\u021b\u0103 a Guvernului nr. 57\/2019 privind Codul Administrativ, Legea nr. 190\/2018, Legea nr. 363\/2018) \u015fi european\u0103 (Regulamentul 2016\/679\/UE, Directiva 2016\/680\/CE, Directiva 2002\/58\/CE) \u00een vigoare, Consiliul Jude\u021bean Timi\u0219 are obliga\u0163ia de a gestiona, \u00een condi\u0163ii de siguran\u0163\u0103 \u015fi numai pentru scopurile specificate, datele personale care \u00eei sunt furnizate.<\/p>\n\n\n\n<p>Consiliul Jude\u021bean Timi\u0219 prelucreaz\u0103 datele dumneavoastr\u0103 personale \u00een conformitate cu prevederile GDPR, \u00een calitate de operator, prin intermediul direc\u021biilor\/serviciilor\/birourilor\/compartimentelor, pentru \u00eendeplinirea urm\u0103toarelor atribu\u021bii prev\u0103zute de art. 173 alin. (1) din Ordonan\u021ba de Urgen\u021b\u0103 a Guvernului nr. 57\/2019 privind Codul administrativ:<br>a) atribu\u0163ii privind \u00eenfiin\u0163area, organizarea \u015fi func\u0163ionarea aparatului de specialitate al consiliului jude\u0163ean, ale institu\u0163iilor publice de interes jude\u0163ean \u015fi ale societ\u0103\u0163ilor \u015fi regiilor autonome de interes jude\u0163ean;<br>b) atribu\u0163ii privind dezvoltarea economico-social\u0103 a jude\u0163ului;<br>c) atribu\u0163ii privind administrarea domeniului public \u015fi privat al jude\u0163ului;<br>d) atribu\u0163ii privind gestionarea serviciilor publice de interes jude\u0163ean;<br>e) atribu\u0163ii privind cooperarea interinstitu\u0163ional\u0103 pe plan intern \u015fi extern;<br>f) alte atribu\u0163ii prev\u0103zute de lege.<br><\/p>\n\n\n\n<p>Dac\u0103 nu sunte\u021bi de acord cu furnizarea datelor personale, Consiliul Jude\u021bean Timi\u0219, prin direc\u021biile\/serviciile\/birourile\/compartimentele din structura sa, nu poate s\u0103 realizeze demersurile legale pentru a v\u0103 r\u0103spunde la peti\u021bii, cereri de furnizare informa\u021bii de interes public, a emite certificate de urbanism \u0219i autoriza\u021bii de construire\/demolare, a formula r\u0103spunsuri la punctele de vedere solicitate, a derula contracte \u00eencheiate, etc.<\/p>\n\n\n\n<p><strong>Temeiul legal al prelucr\u0103rii datelor<\/strong><\/p>\n\n\n\n<p>Datele dumneavoastr\u0103 cu caracter personal sunt prelucrate pentru \u00eendeplinirea obliga\u021biilor legale care \u00eei revin Consiliului Jude\u021bean Timi\u0219, conform art. 6 alin. (1) lit. b), c) \u0219i e) din GDPR.<\/p>\n\n\n\n<p>\u00cen m\u0103sura \u00een care sunt necesare categorii speciale de date cu caracter personal, Consiliul Jude\u021bean Timi\u0219 va solicita consim\u021b\u0103m\u00e2ntul dumneavoastr\u0103 \u00een conformitate cu prevederile art. 9 alin. (2) lit. a) din GDPR.<br>Legisla\u021bia care guverneaz\u0103, \u00een principal, activit\u0103\u021bile derulate de direc\u021biile\/serviciile\/birourile\/compartimentele din cadrul Consiliului Jude\u021bean Timi\u0219 sunt urm\u0103toarele:<\/p>\n\n\n\n<ul class=\"wp-block-list\"><li>Ordonan\u021ba de Urgen\u021b\u0103 a Guvernului nr. 57\/2019 privind Codul Administrativ<\/li><li>Legea nr. 544\/2001 privind liberul acces la informa\u021biile de interes public<\/li><li>Legea nr. 52\/2003 privind transparen\u021ba decizional\u0103 \u00een administra\u021bia public\u0103<\/li><li>Ordonan\u021ba Guvernului nr. 27\/2002 privind reglementarea activit\u0103\u021bii de solu\u021bionare a peti\u021biilor<\/li><li>Legea nr. 82\/1991 a contabilit\u0103\u021bii<\/li><li>Legea nr. 53\/2003 privind Codul muncii<\/li><li>Legea nr. 153\/2017 privind salarizarea personalului pl\u0103tit din fonduri publice<\/li><li>Hot\u0103r\u00e2rea de Guvern nr. 1066\/2008 pentru aprobarea normelor privind formarea profesional\u0103 a func\u021bionarilor publici<\/li><li>Hot\u0103r\u00e2rea de Guvern nr. 611\/2008 pentru aprobarea normelor privind organizarea \u0219i dezvoltarea carierei func\u021bionarilor publici<\/li><li>Legea nr. 50\/1991 privind autorizarea execut\u0103rii lucr\u0103rilor de construc\u021bii \u0219i Normele de aplicare<\/li><li>Legea nr. 350\/2001 privind amenajarea teritoriului \u0219i urbanismul<\/li><li>Legea nr. 422\/2001 privind protejarea monumentelor istorice, modificat\u0103 \u0219i completat\u0103 prin Legea nr. 259\/2006<\/li><li>Legea nr. 255\/2010 privind exproprierea pentru cauz\u0103 de utilitate public\u0103, necesar\u0103 realiz\u0103rii unor obiective de interes na\u0163ional, jude\u0163ean \u015fi local, modificat\u0103 \u0219i completat\u0103 prin Legea nr. 144\/2019<\/li><li>Hot\u0103r\u00e2rea Guvernului nr. 907\/2016 privind etapele de elaborare \u015fi con\u0163inutul-cadru al documenta\u0163iilor tehnico-economice aferente obiectivelor\/proiectelor de investi\u0163ii finan\u0163ate din fonduri publice<\/li><li>Legea nr. 207\/2015 privind Codul de procedur\u0103 fiscal\u0103<\/li><li>Legea nr. 227\/2015 privind Codul fiscal<\/li><li>Codul de procedur\u0103 civil\u0103<\/li><li>Legea nr. 17\/2000 privind asisten\u0163a social\u0103 a persoanelor v\u00e2rstnice<\/li><li>Ordonan\u021ba Guvernului nr. 82\/20012001 privind stabilirea unor forme de sprijin financiar pentru unit\u0103\u0163ile de cult apar\u0163in\u00e2nd cultelor religioase recunoscute din Rom\u00e2nia<\/li><li>Legea nr. 350\/2005 privind regimul finan\u021b\u0103rilor nerambursabile din fonduri publice alocate pentru activit\u0103\u021bi nonprofit de interes general<\/li><li>Ordonan\u021ba Guvernului nr. 51\/1998 privind \u00eembun\u0103t\u0103\u021birea sistemului de finan\u021bare a programelor \u0219i proiectelor culturale<\/li><li>Hot\u0103r\u00e2rea Guvernului nr. 1447\/2007 privind aprobarea Normelor financiare pentru activitatea sportiv\u0103<\/li><li>Legea nr. 69\/2000 privind Legea educa\u021biei fizice \u0219i sportului<\/li><li>Legea nr. 98\/2016 privind achizi\u021biile publice<\/li><li>Ordonan\u021ba de Urgen\u021b\u0103 a Guvernului nr. 189\/2008 privind managementul institu\u021biilor de spectacole sau concerte, muzeelor \u0219i colec\u021biilor publice, bibliotecilor \u0219i al a\u0219ez\u0103mintelor culturale de drept public<\/li><li>Legea nr. 176\/2010 privind integritatea \u00een exercitarea func\u0163iilor \u015fi demnit\u0103\u0163ilor publice<\/li><li>Legea nr. 272\/2004 privind protec\u021bia \u0219i promovarea drepturilor copilului<\/li><li>Legea nr. 273\/2004 privind regimul juridic al adop\u021biei<\/li><li>Ordonan\u021ba de Guvern nr. 41\/2003 privind dob\u00e2ndirea \u015fi schimbarea pe cale administrativ\u0103 a numelor persoanelor fizice<\/li><li>Ordonan\u021ba Guvernului nr. 84\/2001, privind \u00eenfiin\u021barea, organizarea \u0219i func\u021bionarea serviciilor publice comunitare de eviden\u021b\u0103 a persoanelor<\/li><li>Legea nr. 273\/2006 privind finan\u0163ele publice locale<\/li><li>Legea nr. 16\/1996 a Arhivelor Na\u021bionale<\/li><li>Legea nr. 190\/2018 privind m\u0103suri de punere \u00een aplicare a Regulamentul 2016\/679\/UE privind protec\u0163ia persoanelor fizice \u00een ceea ce prive\u015fte prelucrarea datelor cu caracter personal \u015fi privind libera circula\u0163ie a acestor date \u015fi de abrogare a Directivei 95\/46\/CE (Regulamentul general privind protec\u0163ia datelor)<\/li><li>Legea nr. 363\/2018 privind protec\u021bia persoanelor fizice referitor la prelucrarea datelor cu caracter personal de c\u0103tre autorit\u0103\u021bilor competente \u00een scopul prevenirii, descoperirii, cercet\u0103rii, urm\u0103ririi penale \u0219i combaterii infrac\u021biunilor sau al execut\u0103rii pedepselor, m\u0103surilor educative \u0219i de siguran\u021b\u0103, precum \u0219i privind circula\u021bia a acestor date<\/li><li>Legea nr. 506\/2004 privind prelucrarea datelor cu caracter personal \u0219i protec\u021bia vie\u021bii private \u00een sectorul comunica\u021biilor electronice<\/li><li>Regulamentul 2016\/679\/UE privind protec\u0163ia persoanelor fizice \u00een ceea ce prive\u015fte prelucrarea datelor cu caracter personal \u015fi privind libera circula\u0163ie a acestor date \u015fi de abrogare a Directivei 95\/46\/CE (Regulamentul general privind protec\u0163ia datelor)<\/li><\/ul>\n\n\n\n<p><strong>Tipuri de date cu caracter personal pe care le prelucr\u0103m<\/strong><\/p>\n\n\n\n<p>Politica privind protec\u021bia \u0219i securitatea datelor personale a Consiliului Jude\u021bean Timi\u0219 este de a colecta numai datele personale necesare \u00een scopurile men\u021bionate \u0219i de a solicita persoanelor vizate s\u0103 comunice numai acele date cu caracter personal strict necesare \u00eendeplinirii acestor scopuri.<br>Consiliul Jude\u021bean Timi\u0219 acord\u0103 o aten\u021bie deosebit\u0103 prelucr\u0103rii datelor cu caracter personal prin prisma garant\u0103rii \u0219i protej\u0103rii drepturilor \u0219i libert\u0103\u021bilor fundamentale ale persoanelor fizice, \u00een special a dreptului la via\u021b\u0103 intim\u0103, familial\u0103 \u0219i privat\u0103, cu garantarea respect\u0103rii principiului transparen\u021bei prelucr\u0103rii acestor date.<\/p>\n\n\n\n<p><strong>Sursa datelor cu caracter personal<\/strong><\/p>\n\n\n\n<p>Consiliul Jude\u021bean Timi\u0219 prin direc\u021biile\/serviciile\/birourile\/compartimentele colecteaz\u0103 date personale direct de la dumneavoastr\u0103, reprezentan\u021bi legali, ter\u021bi (cum ar fi alte institu\u021bii, organiza\u021bii nonguvernamentale ori entit\u0103\u021bi care se adreseaz\u0103 Consiliului Jude\u021bean Timi\u0219) sau din documente publice.<br>\u00cen cazul \u00een care trebuie s\u0103 prelucr\u0103m date cu caracter personal ob\u021binute de la ter\u021bi persoane juridice, ace\u0219tia din urm\u0103 au obliga\u021bia de a v\u0103 furniza informa\u021biile necesare cu privire la utilizarea datelor cu caracter personal transmise.<\/p>\n\n\n\n<p><strong>Categorii de destinatari ai datelor cu caracter personal<\/strong><\/p>\n\n\n\n<p>Datele dumneavoastr\u0103 personale sunt destinate utiliz\u0103rii de c\u0103tre operator (Consiliul Jude\u021bean Timi\u0219) \u015fi sunt comunicate urm\u0103torilor destinatari, dac\u0103 este cazul:<br>\u2013 reprezentan\u021bilor legali ai persoanei vizate<br>\u2013 institu\u021biilor\/autorit\u0103\u021bilor centrale \u0219i locale<br>\u2013 societ\u0103\u021bilor bancare \u0219i de asigurare<br>\u2013 institu\u021biilor de \u00eenv\u0103\u021b\u0103m\u00e2nt \u0219i educa\u021bie<br>\u2013 mass-media<br>\u2013 serviciilor sociale \u0219i de s\u0103n\u0103tate<br>\u2013 organiza\u021biilor profesionale<br>\u2013 partenerilor contractuali<br>\u2013 instan\u021belor de judecat\u0103 \u00een vederea formul\u0103rii de ac\u021biuni \u0219i reprezent\u0103rii \u00een instan\u021b\u0103<br>Dezv\u0103luirea datelor c\u0103tre ter\u021bi se face conform prevederilor legale pentru categoriile de destinatari preciza\u021bi anterior.<\/p>\n\n\n\n<p><strong>Perioada de stocare a datelor personale<\/strong><\/p>\n\n\n\n<p>Datele dumneavoastr\u0103 personale sunt stocate pe perioada necesar\u0103 efectu\u0103rii tuturor demersurilor \u00eentreprinse pentru sus\u021binerea activit\u0103\u021bilor direc\u021biilor\/serviciilor\/birourilor\/ compartimentelor din cadrul Consiliului Jude\u021bean Timi\u0219, dup\u0103 care vor fi arhivate potrivit legisla\u021biei aplicabile.<\/p>\n\n\n\n<p><strong>Drepturile dumneavoastr\u0103 \u0219i modul de exercitare al acestora<\/strong><\/p>\n\n\n\n<p>Conform prevederilor legale aplicabile beneficia\u0163i de dreptul de informare \u0219i acces, dreptul la rectificare, dreptul la \u015ftergerea datelor, dreptul la restric\u0163ionarea prelucr\u0103rii, dreptul la portabilitatea datelor, dreptul la opozi\u0163ie \u015fi procesul decizional individual automatizat.<br>Pentru exercitarea drepturilor dumneavoastr\u0103 v\u0103 rug\u0103m s\u0103 contacta\u021bi direct responsabilul cu protec\u021bia datelor din cadrul Consiliului Jude\u021bean Timi\u0219 la adresa:\u00a0<a href=\"mailto:dpo@cjtimis.ro\">dpo@cjtimis.ro<\/a>.<\/p>\n\n\n\n<p><strong>Dreptul de a depune o pl\u00e2ngere la autoritatea de supraveghere<\/strong><\/p>\n\n\n\n<p>De asemenea, dac\u0103 v\u0103 considera\u021bi v\u0103t\u0103ma\u021bi \u00een drepturile dumneavoastr\u0103 v\u0103 pute\u021bi adresa Autorit\u0103\u021bii Na\u021bionale de Supraveghere a Prelucr\u0103rii Datelor cu Caracter Personal\u00a0<a href=\"http:\/\/www.dataprotection.ro\/\">(www.dataprotection.ro<\/a>) sau la adresa acesteia: Bd. G-ral Gheorghe Magheru nr 28-30, Sector 1, Bucure\u0219ti, cod 010336, Romania.<\/p>\n\n\n\n<p><strong>Prelucr\u0103rile de date speciale sau \u00eentemeiate pe consim\u021b\u0103m\u00e2nt<\/strong><\/p>\n\n\n\n<p>Atunci c\u00e2nd prelucrarea se bazeaz\u0103 pe art. 6 alin. (1) lit. a) \u201epersoana vizat\u0103 \u0219i-a dat consim\u021b\u0103m\u00e2ntul pentru prelucrarea datelor sale cu caracter personal pentru unul sau mai multe scopuri specifice\u201d sau pe art. 9 alin. (2) lit. a) \u201epersoana vizat\u0103 \u0219i-a dat consim\u021b\u0103m\u00e2ntul explicit pentru prelucrarea acestor date cu caracter personal pentru unul sau mai multe scopuri specifice, cu excep\u021bia cazului \u00een care dreptul Uniunii sau dreptul intern prevede ca interdic\u021bia prev\u0103zut\u0103 la alin. (1) s\u0103 nu poat\u0103 fi ridicat\u0103 prin consim\u021b\u0103m\u00e2ntul persoanei vizate\u201d din GDPR, ave\u021bi dreptul de a v\u0103 retrage consim\u021b\u0103m\u00e2ntul \u00een orice moment, f\u0103r\u0103 a afecta legalitatea prelucr\u0103rii efectuate pe baza consim\u021b\u0103m\u00e2ntului \u00eenainte de retragerea acestuia. Astfel, pute\u021bi modifica sau elimina consim\u021b\u0103m\u00e2ntul \u00een orice moment, \u0219i vom ac\u021biona imediat \u00een consecin\u021b\u0103, cu excep\u021bia cazului \u00een care exist\u0103 un motiv legal sau un interes legitim pentru a nu face acest lucru.<\/p>\n\n\n\n<p>Prezenta not\u0103 de informare poate suferi modific\u0103ri sau actualiz\u0103ri, periodic ori de c\u00e2te ori consider\u0103m necesar, \u00eentotdeauna cea mai recent\u0103 versiune fiind disponibil\u0103 pe site la adresa:\u00a0<a href=\"https:\/\/www.pamarose.ro\/politica-de-confidentialitate-2\/\">https:\/\/www.pamarose.ro\/politica-de-confidentialitate-2\/<\/a><\/p>\n","protected":false},"excerpt":{"rendered":"<p>Not\u0103 de informare privind prelucrarea datelor cu caracter personal efectuat\u0103 de Consiliul Jude\u021bean Timi\u0219 Consiliul Jude\u021bean Timi\u0219, cu sediul \u00een Bulevardul Revolu\u021biei din 1989 nr. 17, Timi\u0219oara, jude\u021bul Timi\u0219, tel.: 0256\/406300, fax: 0256\/406306, website: www.cjtimis.ro, e-mail cjt@cjtimis.ro, v\u0103 informeaz\u0103 prin prezenta despre prelucrarea datelor dumneavoastr\u0103 personale \u0219i despre drepturile pe care le ave\u021bi \u00een conformitate [&hellip;]<\/p>\n","protected":false},"author":1,"featured_media":0,"parent":0,"menu_order":0,"comment_status":"closed","ping_status":"closed","template":"","meta":{"footnotes":""},"class_list":["post-513","page","type-page","status-publish","hentry"],"_links":{"self":[{"href":"https:\/\/www.pamarose.ro\/en\/wp-json\/wp\/v2\/pages\/513","targetHints":{"allow":["GET"]}}],"collection":[{"href":"https:\/\/www.pamarose.ro\/en\/wp-json\/wp\/v2\/pages"}],"about":[{"href":"https:\/\/www.pamarose.ro\/en\/wp-json\/wp\/v2\/types\/page"}],"author":[{"embeddable":true,"href":"https:\/\/www.pamarose.ro\/en\/wp-json\/wp\/v2\/users\/1"}],"replies":[{"embeddable":true,"href":"https:\/\/www.pamarose.ro\/en\/wp-json\/wp\/v2\/comments?post=513"}],"version-history":[{"count":3,"href":"https:\/\/www.pamarose.ro\/en\/wp-json\/wp\/v2\/pages\/513\/revisions"}],"predecessor-version":[{"id":580,"href":"https:\/\/www.pamarose.ro\/en\/wp-json\/wp\/v2\/pages\/513\/revisions\/580"}],"wp:attachment":[{"href":"https:\/\/www.pamarose.ro\/en\/wp-json\/wp\/v2\/media?parent=513"}],"curies":[{"name":"wp","href":"https:\/\/api.w.org\/{rel}","templated":true}]}}